{"id":7,"date":"2018-01-26T20:00:13","date_gmt":"2018-01-26T19:00:13","guid":{"rendered":"http:\/\/localhost:8888\/wordpress\/?page_id=7"},"modified":"2018-05-13T16:55:28","modified_gmt":"2018-05-13T14:55:28","slug":"accueil","status":"publish","type":"page","link":"https:\/\/sites.univ-lyon2.fr\/cahiersdemusique\/","title":{"rendered":"Accueil"},"content":{"rendered":"<p>Ce site web propose une compilation de travaux musicaux ou musicologiques r\u00e9alis\u00e9s par des \u00e9tudiants du d\u00e9partement Musique &amp; Musicologie de l\u2019Universit\u00e9 Lyon 2 dans le cadre de leur cursus de Licence ou de Master : compte-rendu de concerts, recension d\u2019ouvrages, travaux de recherche ou de m\u00e9diation culturelle, dossiers th\u00e9matiques, r\u00e9alisations musicales&#8230;<\/p>\n<p><img loading=\"lazy\" class=\"alignleft wp-image-153 size-full\" src=\"https:\/\/sites.univ-lyon2.fr\/cahiersdemusique\/wp-content\/uploads\/2018\/05\/publication.jpg\" alt=\"\" width=\"200\" height=\"200\" srcset=\"https:\/\/sites.univ-lyon2.fr\/cahiersdemusique\/wp-content\/uploads\/2018\/05\/publication.jpg 200w, https:\/\/sites.univ-lyon2.fr\/cahiersdemusique\/wp-content\/uploads\/2018\/05\/publication-150x150.jpg 150w\" sizes=\"(max-width: 200px) 85vw, 200px\" \/><\/p>\n<p><strong>Comment publier ?<\/strong><br \/>\nLa publication de textes (assortie de documents multim\u00e9dia) est ouverte \u00e0 tous les \u00e9tudiants du d\u00e9partement Musique &amp; Musicologie. La publication des textes est soumise \u00e0 la relecture d&rsquo;un enseignant.<br \/>\nUne <a href=\"https:\/\/sites.univ-lyon2.fr\/cahiersdemusique\/charte-graphique-conseils\/\">charte graphique<\/a> est en cours d&rsquo;\u00e9laboration.<\/p>\n<p><strong>Mod\u00e9rateurs :<\/strong><br \/>\nMuriel Joubert, Bertrand Merlier, Emmanuel Reibel&#8230;<\/p>\n","protected":false},"excerpt":{"rendered":"<p>Ce site web propose une compilation de travaux musicaux ou musicologiques r\u00e9alis\u00e9s par des \u00e9tudiants du d\u00e9partement Musique &amp; Musicologie de l\u2019Universit\u00e9 Lyon 2 dans le cadre de leur cursus de Licence ou de Master : compte-rendu de concerts, recension d\u2019ouvrages, travaux de recherche ou de m\u00e9diation culturelle, dossiers th\u00e9matiques, r\u00e9alisations musicales&#8230; Comment publier ? &hellip; <a href=\"https:\/\/sites.univ-lyon2.fr\/cahiersdemusique\/\" class=\"more-link\">Continuer la lecture<span class=\"screen-reader-text\"> de &laquo;&nbsp;Accueil&nbsp;&raquo;<\/span><\/a><\/p>\n","protected":false},"author":3,"featured_media":0,"parent":11,"menu_order":0,"comment_status":"closed","ping_status":"closed","template":"","meta":[],"_links":{"self":[{"href":"https:\/\/sites.univ-lyon2.fr\/cahiersdemusique\/wp-json\/wp\/v2\/pages\/7"}],"collection":[{"href":"https:\/\/sites.univ-lyon2.fr\/cahiersdemusique\/wp-json\/wp\/v2\/pages"}],"about":[{"href":"https:\/\/sites.univ-lyon2.fr\/cahiersdemusique\/wp-json\/wp\/v2\/types\/page"}],"author":[{"embeddable":true,"href":"https:\/\/sites.univ-lyon2.fr\/cahiersdemusique\/wp-json\/wp\/v2\/users\/3"}],"replies":[{"embeddable":true,"href":"https:\/\/sites.univ-lyon2.fr\/cahiersdemusique\/wp-json\/wp\/v2\/comments?post=7"}],"version-history":[{"count":3,"href":"https:\/\/sites.univ-lyon2.fr\/cahiersdemusique\/wp-json\/wp\/v2\/pages\/7\/revisions"}],"predecessor-version":[{"id":154,"href":"https:\/\/sites.univ-lyon2.fr\/cahiersdemusique\/wp-json\/wp\/v2\/pages\/7\/revisions\/154"}],"up":[{"embeddable":true,"href":"https:\/\/sites.univ-lyon2.fr\/cahiersdemusique\/wp-json\/wp\/v2\/pages\/11"}],"wp:attachment":[{"href":"https:\/\/sites.univ-lyon2.fr\/cahiersdemusique\/wp-json\/wp\/v2\/media?parent=7"}],"curies":[{"name":"wp","href":"https:\/\/api.w.org\/{rel}","templated":true}]}}