{"id":8,"date":"2018-01-26T20:00:13","date_gmt":"2018-01-26T19:00:13","guid":{"rendered":"http:\/\/localhost:8888\/wordpress\/?page_id=8"},"modified":"2018-02-22T15:02:07","modified_gmt":"2018-02-22T14:02:07","slug":"conseils","status":"publish","type":"page","link":"https:\/\/sites.univ-lyon2.fr\/cahiersdemusique\/conseils\/","title":{"rendered":"Conseils pour la publication"},"content":{"rendered":"<h3>Le sujet<\/h3>\n<p>Tous les sujets musicaux ou musicologiques sont accept\u00e9s pour la publication : cr\u00e9ation musicale, m\u00e9diation, journalisme, \u00e9tudes musicologiques, analyses d&rsquo;\u0153uvres&#8230; que ce soit en musiques populaires ou savantes.<\/p>\n<h3>La proc\u00e9dure<\/h3>\n<p>Que ce soit une initiative personnelle ou un exercice universitaire, le texte sera relu et mis en ligne par un enseignant \u00ab\u00a0\u00e9diteur\u00a0\u00bb.<\/p>\n<h3>L&rsquo;\u00e9quipe de publication<\/h3>\n<p><strong>\u00c9diteurs :<\/strong> Muriel Joubert, Bertrand Merlier, Emmanuel Reibel\u2026<br \/>\nLes \u00e9diteurs ont acc\u00e8s au contenus du site en \u00e9criture.<br \/>\nPour devenir \u00e9diteur, il faut faire une demande \u00e0 l&rsquo;administrateur.<\/p>\n<p><strong>Abonn\u00e9s :<\/strong> ce site web \u00e9tant public, le m\u00e9canisme des abonn\u00e9s n&rsquo;est pas mis ne service.<\/p>\n<p><strong>Administrateur<\/strong> (uniquement pour les questions techniques) : Bertrand Merlier<\/p>\n","protected":false},"excerpt":{"rendered":"<p>Le sujet Tous les sujets musicaux ou musicologiques sont accept\u00e9s pour la publication : cr\u00e9ation musicale, m\u00e9diation, journalisme, \u00e9tudes musicologiques, analyses d&rsquo;\u0153uvres&#8230; que ce soit en musiques populaires ou savantes. La proc\u00e9dure Que ce soit une initiative personnelle ou un exercice universitaire, le texte sera relu et mis en ligne par un enseignant \u00ab\u00a0\u00e9diteur\u00a0\u00bb. L&rsquo;\u00e9quipe &hellip; <a href=\"https:\/\/sites.univ-lyon2.fr\/cahiersdemusique\/conseils\/\" class=\"more-link\">Continuer la lecture<span class=\"screen-reader-text\"> de &laquo;&nbsp;Conseils pour la publication&nbsp;&raquo;<\/span><\/a><\/p>\n","protected":false},"author":3,"featured_media":5,"parent":0,"menu_order":0,"comment_status":"closed","ping_status":"closed","template":"","meta":[],"_links":{"self":[{"href":"https:\/\/sites.univ-lyon2.fr\/cahiersdemusique\/wp-json\/wp\/v2\/pages\/8"}],"collection":[{"href":"https:\/\/sites.univ-lyon2.fr\/cahiersdemusique\/wp-json\/wp\/v2\/pages"}],"about":[{"href":"https:\/\/sites.univ-lyon2.fr\/cahiersdemusique\/wp-json\/wp\/v2\/types\/page"}],"author":[{"embeddable":true,"href":"https:\/\/sites.univ-lyon2.fr\/cahiersdemusique\/wp-json\/wp\/v2\/users\/3"}],"replies":[{"embeddable":true,"href":"https:\/\/sites.univ-lyon2.fr\/cahiersdemusique\/wp-json\/wp\/v2\/comments?post=8"}],"version-history":[{"count":4,"href":"https:\/\/sites.univ-lyon2.fr\/cahiersdemusique\/wp-json\/wp\/v2\/pages\/8\/revisions"}],"predecessor-version":[{"id":87,"href":"https:\/\/sites.univ-lyon2.fr\/cahiersdemusique\/wp-json\/wp\/v2\/pages\/8\/revisions\/87"}],"wp:featuredmedia":[{"embeddable":true,"href":"https:\/\/sites.univ-lyon2.fr\/cahiersdemusique\/wp-json\/wp\/v2\/media\/5"}],"wp:attachment":[{"href":"https:\/\/sites.univ-lyon2.fr\/cahiersdemusique\/wp-json\/wp\/v2\/media?parent=8"}],"curies":[{"name":"wp","href":"https:\/\/api.w.org\/{rel}","templated":true}]}}